{"id":2079,"date":"2022-03-10T18:16:09","date_gmt":"2022-03-10T18:16:09","guid":{"rendered":"https:\/\/novo.vollogistics.com.br\/?page_id=2079"},"modified":"2022-03-10T18:27:27","modified_gmt":"2022-03-10T18:27:27","slug":"sustentabilidade","status":"publish","type":"page","link":"https:\/\/vollogistics.com.br\/index.php\/sustentabilidade\/","title":{"rendered":"Sustentabilidade"},"content":{"rendered":"\t\t<div data-elementor-type=\"wp-page\" data-elementor-id=\"2079\" class=\"elementor elementor-2079\" data-elementor-settings=\"[]\">\n\t\t\t\t\t\t\t<div class=\"elementor-section-wrap\">\n\t\t\t\t\t\t\t<section class=\"elementor-section elementor-top-section elementor-element elementor-element-binyzy4 elementor-section-content-middle elementor-section-boxed elementor-section-height-default elementor-section-height-default\" data-id=\"binyzy4\" data-element_type=\"section\" data-settings=\"{&quot;background_background&quot;:&quot;classic&quot;}\">\n\t\t\t\t\t\t<div class=\"elementor-container elementor-column-gap-no\">\n\t\t\t\t\t<div class=\"elementor-column elementor-col-50 elementor-top-column elementor-element elementor-element-4d7ad86\" data-id=\"4d7ad86\" data-element_type=\"column\">\n\t\t\t<div class=\"elementor-widget-wrap elementor-element-populated\">\n\t\t\t\t\t\t\t\t<div class=\"elementor-element elementor-element-91de7cd elementor-widget elementor-widget-heading\" data-id=\"91de7cd\" data-element_type=\"widget\" data-widget_type=\"heading.default\">\n\t\t\t\t<div class=\"elementor-widget-container\">\n\t\t\t<style>\/*! elementor - v3.5.6 - 28-02-2022 *\/\n.elementor-heading-title{padding:0;margin:0;line-height:1}.elementor-widget-heading .elementor-heading-title[class*=elementor-size-]>a{color:inherit;font-size:inherit;line-height:inherit}.elementor-widget-heading .elementor-heading-title.elementor-size-small{font-size:15px}.elementor-widget-heading .elementor-heading-title.elementor-size-medium{font-size:19px}.elementor-widget-heading .elementor-heading-title.elementor-size-large{font-size:29px}.elementor-widget-heading .elementor-heading-title.elementor-size-xl{font-size:39px}.elementor-widget-heading .elementor-heading-title.elementor-size-xxl{font-size:59px}<\/style><h2 class=\"elementor-heading-title elementor-size-default\">MEIO AMBIENTE<\/h2>\t\t<\/div>\n\t\t\t\t<\/div>\n\t\t\t\t<div class=\"elementor-element elementor-element-3832f85 elementor-widget-divider--view-line elementor-widget elementor-widget-divider\" data-id=\"3832f85\" data-element_type=\"widget\" data-widget_type=\"divider.default\">\n\t\t\t\t<div class=\"elementor-widget-container\">\n\t\t\t<style>\/*! elementor - v3.5.6 - 28-02-2022 *\/\n.elementor-widget-divider{--divider-border-style:none;--divider-border-width:1px;--divider-color:#2c2c2c;--divider-icon-size:20px;--divider-element-spacing:10px;--divider-pattern-height:24px;--divider-pattern-size:20px;--divider-pattern-url:none;--divider-pattern-repeat:repeat-x}.elementor-widget-divider .elementor-divider{display:-webkit-box;display:-ms-flexbox;display:flex}.elementor-widget-divider .elementor-divider__text{font-size:15px;line-height:1;max-width:95%}.elementor-widget-divider .elementor-divider__element{margin:0 var(--divider-element-spacing);-ms-flex-negative:0;flex-shrink:0}.elementor-widget-divider .elementor-icon{font-size:var(--divider-icon-size)}.elementor-widget-divider .elementor-divider-separator{display:-webkit-box;display:-ms-flexbox;display:flex;margin:0;direction:ltr}.elementor-widget-divider--view-line_icon .elementor-divider-separator,.elementor-widget-divider--view-line_text .elementor-divider-separator{-webkit-box-align:center;-ms-flex-align:center;align-items:center}.elementor-widget-divider--view-line_icon .elementor-divider-separator:after,.elementor-widget-divider--view-line_icon .elementor-divider-separator:before,.elementor-widget-divider--view-line_text .elementor-divider-separator:after,.elementor-widget-divider--view-line_text .elementor-divider-separator:before{display:block;content:\"\";border-bottom:0;-webkit-box-flex:1;-ms-flex-positive:1;flex-grow:1;border-top:var(--divider-border-width) var(--divider-border-style) var(--divider-color)}.elementor-widget-divider--element-align-left .elementor-divider .elementor-divider-separator>.elementor-divider__svg:first-of-type{-webkit-box-flex:0;-ms-flex-positive:0;flex-grow:0;-ms-flex-negative:100;flex-shrink:100}.elementor-widget-divider--element-align-left .elementor-divider-separator:before{content:none}.elementor-widget-divider--element-align-left .elementor-divider__element{margin-left:0}.elementor-widget-divider--element-align-right .elementor-divider .elementor-divider-separator>.elementor-divider__svg:last-of-type{-webkit-box-flex:0;-ms-flex-positive:0;flex-grow:0;-ms-flex-negative:100;flex-shrink:100}.elementor-widget-divider--element-align-right .elementor-divider-separator:after{content:none}.elementor-widget-divider--element-align-right .elementor-divider__element{margin-right:0}.elementor-widget-divider:not(.elementor-widget-divider--view-line_text):not(.elementor-widget-divider--view-line_icon) .elementor-divider-separator{border-top:var(--divider-border-width) var(--divider-border-style) var(--divider-color)}.elementor-widget-divider--separator-type-pattern{--divider-border-style:none}.elementor-widget-divider--separator-type-pattern.elementor-widget-divider--view-line .elementor-divider-separator,.elementor-widget-divider--separator-type-pattern:not(.elementor-widget-divider--view-line) .elementor-divider-separator:after,.elementor-widget-divider--separator-type-pattern:not(.elementor-widget-divider--view-line) .elementor-divider-separator:before,.elementor-widget-divider--separator-type-pattern:not([class*=elementor-widget-divider--view]) .elementor-divider-separator{width:100%;min-height:var(--divider-pattern-height);-webkit-mask-size:var(--divider-pattern-size) 100%;mask-size:var(--divider-pattern-size) 100%;-webkit-mask-repeat:var(--divider-pattern-repeat);mask-repeat:var(--divider-pattern-repeat);background-color:var(--divider-color);-webkit-mask-image:var(--divider-pattern-url);mask-image:var(--divider-pattern-url)}.elementor-widget-divider--no-spacing{--divider-pattern-size:auto}.elementor-widget-divider--bg-round{--divider-pattern-repeat:round}.rtl .elementor-widget-divider .elementor-divider__text{direction:rtl}<\/style>\t\t<div class=\"elementor-divider\">\n\t\t\t<span class=\"elementor-divider-separator\">\n\t\t\t\t\t\t<\/span>\n\t\t<\/div>\n\t\t\t\t<\/div>\n\t\t\t\t<\/div>\n\t\t\t\t<div class=\"elementor-element elementor-element-2eaeffd elementor-widget elementor-widget-heading\" data-id=\"2eaeffd\" data-element_type=\"widget\" data-widget_type=\"heading.default\">\n\t\t\t\t<div class=\"elementor-widget-container\">\n\t\t\t<h4 class=\"elementor-heading-title elementor-size-default\">Controlar e Mitigar Aspectos e Impactos\n\n<\/h4>\t\t<\/div>\n\t\t\t\t<\/div>\n\t\t\t\t<div class=\"elementor-element elementor-element-0e457ca elementor-widget elementor-widget-text-editor\" data-id=\"0e457ca\" data-element_type=\"widget\" data-widget_type=\"text-editor.default\">\n\t\t\t\t<div class=\"elementor-widget-container\">\n\t\t\t<style>\/*! elementor - v3.5.6 - 28-02-2022 *\/\n.elementor-widget-text-editor.elementor-drop-cap-view-stacked .elementor-drop-cap{background-color:#818a91;color:#fff}.elementor-widget-text-editor.elementor-drop-cap-view-framed .elementor-drop-cap{color:#818a91;border:3px solid;background-color:transparent}.elementor-widget-text-editor:not(.elementor-drop-cap-view-default) .elementor-drop-cap{margin-top:8px}.elementor-widget-text-editor:not(.elementor-drop-cap-view-default) .elementor-drop-cap-letter{width:1em;height:1em}.elementor-widget-text-editor .elementor-drop-cap{float:left;text-align:center;line-height:1;font-size:50px}.elementor-widget-text-editor .elementor-drop-cap-letter{display:inline-block}<\/style>\t\t\t\t<p>A identifica\u00e7\u00e3o dos aspectos e impactos ambientais das opera\u00e7\u00f5es faz parte dos procedimentos da Gest\u00e3o da VOL em qualquer etapa e em toda a cadeia da explora\u00e7\u00e3o do Oil &amp; Gas. A VOL opta por atender com rigorosidade todos os requisitos legais relacionados ao meio ambiente assumindo a corresponsabilidade \u00e0 qualquer tipo de dano causado ao meio ambiente. Atuamos em sintonia com os \u00f3rg\u00e3os que regulam a movimenta\u00e7\u00e3o de mercadorias classificadas pelo C\u00f3digo Mar\u00edtimo Internacional de Mercadorias perigosas. Atuamos lado a lado com as empresas credenciadas para execu\u00e7\u00e3o dos servi\u00e7os de coleta, transporte e destina\u00e7\u00e3o de res\u00edduos provenientes de embarca\u00e7\u00f5es.<\/p><p>A VOL disponibiliza equipe exclusiva para barreiras de conten\u00e7\u00e3o que est\u00e1 preparada mediante os diversos tipos de remo\u00e7\u00e3o necess\u00e1ria. A capacidade de resposta e consequente rapidez na conten\u00e7\u00e3o e remo\u00e7\u00e3o de poss\u00edveis derramamentos \u00e9 crit\u00e9rio vital de controle para a companhia. Equipes em terra tamb\u00e9m est\u00e3o treinadas para conter qualquer tipo de incidente de forma a garantir emiss\u00e3o zero ao meio ambiente. Buscando atua\u00e7\u00e3o respons\u00e1vel nossa gest\u00e3o est\u00e1 fundamentada nos requisitos da NBR ISO14001:2004.<\/p>\t\t\t\t\t\t<\/div>\n\t\t\t\t<\/div>\n\t\t\t\t\t<\/div>\n\t\t<\/div>\n\t\t\t\t<div class=\"elementor-column elementor-col-50 elementor-top-column elementor-element elementor-element-f1d42a6\" data-id=\"f1d42a6\" data-element_type=\"column\">\n\t\t\t<div class=\"elementor-widget-wrap elementor-element-populated\">\n\t\t\t\t\t\t\t\t<div class=\"elementor-element elementor-element-391ee35 elementor-widget elementor-widget-image\" data-id=\"391ee35\" data-element_type=\"widget\" data-widget_type=\"image.default\">\n\t\t\t\t<div class=\"elementor-widget-container\">\n\t\t\t<style>\/*! elementor - v3.5.6 - 28-02-2022 *\/\n.elementor-widget-image{text-align:center}.elementor-widget-image a{display:inline-block}.elementor-widget-image a img[src$=\".svg\"]{width:48px}.elementor-widget-image img{vertical-align:middle;display:inline-block}<\/style>\t\t\t\t\t\t\t\t\t\t\t\t<img loading=\"lazy\" decoding=\"async\" width=\"400\" height=\"500\" src=\"https:\/\/vollogistics.com.br\/wp-content\/uploads\/2022\/03\/Banner_16.jpg\" class=\"attachment-full size-full\" alt=\"\" srcset=\"https:\/\/vollogistics.com.br\/wp-content\/uploads\/2022\/03\/Banner_16.jpg 400w, https:\/\/vollogistics.com.br\/wp-content\/uploads\/2022\/03\/Banner_16-240x300.jpg 240w\" sizes=\"auto, (max-width: 400px) 100vw, 400px\" \/>\t\t\t\t\t\t\t\t\t\t\t\t\t\t\t<\/div>\n\t\t\t\t<\/div>\n\t\t\t\t\t<\/div>\n\t\t<\/div>\n\t\t\t\t\t\t\t<\/div>\n\t\t<\/section>\n\t\t\t\t<section class=\"elementor-section elementor-top-section elementor-element elementor-element-c397c1d elementor-section-content-middle elementor-section-boxed elementor-section-height-default elementor-section-height-default\" data-id=\"c397c1d\" data-element_type=\"section\" data-settings=\"{&quot;background_background&quot;:&quot;classic&quot;}\">\n\t\t\t\t\t\t<div class=\"elementor-container elementor-column-gap-no\">\n\t\t\t\t\t<div class=\"elementor-column elementor-col-100 elementor-top-column elementor-element elementor-element-12e1eb2\" data-id=\"12e1eb2\" data-element_type=\"column\">\n\t\t\t<div class=\"elementor-widget-wrap elementor-element-populated\">\n\t\t\t\t\t\t\t\t<div class=\"elementor-element elementor-element-17bbb98 elementor-widget elementor-widget-heading\" data-id=\"17bbb98\" data-element_type=\"widget\" data-widget_type=\"heading.default\">\n\t\t\t\t<div class=\"elementor-widget-container\">\n\t\t\t<h2 class=\"elementor-heading-title elementor-size-default\">SA\u00daDE E SEGURAN\u00c7A<\/h2>\t\t<\/div>\n\t\t\t\t<\/div>\n\t\t\t\t<div class=\"elementor-element elementor-element-0d5bc29 elementor-widget-divider--view-line elementor-widget elementor-widget-divider\" data-id=\"0d5bc29\" data-element_type=\"widget\" data-widget_type=\"divider.default\">\n\t\t\t\t<div class=\"elementor-widget-container\">\n\t\t\t\t\t<div class=\"elementor-divider\">\n\t\t\t<span class=\"elementor-divider-separator\">\n\t\t\t\t\t\t<\/span>\n\t\t<\/div>\n\t\t\t\t<\/div>\n\t\t\t\t<\/div>\n\t\t\t\t<div class=\"elementor-element elementor-element-129a46d elementor-widget elementor-widget-text-editor\" data-id=\"129a46d\" data-element_type=\"widget\" data-widget_type=\"text-editor.default\">\n\t\t\t\t<div class=\"elementor-widget-container\">\n\t\t\t\t\t\t\t<p>A condu\u00e7\u00e3o segura de 100% de nossas opera\u00e7\u00f5es est\u00e1 diretamente associada com as diretrizes que salvam vidas. Para tanto temos na Base Operacional Vila Velha o documento \u201cRegras de Ouro\u201d. Para que nossos procedimentos estejam enquadrados dentro das melhores pr\u00e1ticas mundiais para a ind\u00fastria oil &amp; gas a empresa tem estabelecido um corpo t\u00e9cnico de HSE que atua na facilita\u00e7\u00e3o em todas as atividades operacionais da companhia.<\/p><p><strong>Nossa principal meta \u00e9 o \u201cGoal Zero\u201d.<\/strong><\/p><p>Para isto estamos em cont\u00ednuo desenvolvimento quanto aos seguintes aspectos:<\/p><p>\u2022 Programas cont\u00ednuos de diversos temas relacionados \u00e0s boas pr\u00e1ticas: planejamos e provemos treinamentos para manter os colaboradores VOL seguros e saud\u00e1veis consolidando a cultura de atua\u00e7\u00e3o dos empregados bem como norteiando as equipes ao comportamento seguro.<\/p><p>\u2022 Sensibiliza\u00e7\u00e3o e envolvimento de toda a cadeia: todas as a\u00e7\u00f5es s\u00e3o planejadas em conjunto com os clientes e fornecedores de toda a cadeia almejando o alcance de todas as metas para operar com zero les\u00f5es e sem incidentes significativos. \u2022 Disponibiliza\u00e7\u00e3o de recursos: em conjunto com as a\u00e7\u00f5es preventivas todos os EPIs necess\u00e1rios ao exerc\u00edcio da fun\u00e7\u00e3o, bem como o treinamento e orienta\u00e7\u00f5es necess\u00e1rias para o uso correto dos mesmos s\u00e3o disponibilizados.<\/p><p>\u2022 Pol\u00edtica de Recursos Humanos: a preserva\u00e7\u00e3o da sa\u00fade e integridade f\u00edsica e mental dos nossos empregados \u00e9 prioridade na pol\u00edtica de recursos humanos, associada aos programas de treinamento e desenvolvimento. A qualidade de vida faz parte desse contexto.<\/p><p>\u2022 Combate a drogas e \u00c1lcool: a organiza\u00e7\u00e3o n\u00e3o admite o uso de bebidas, drogas e cigarro no ambiente de trabalho e trabalhar sobre efeito de qualquer subst\u00e2ncia \u00e9 um descumprimento das \u201cRegras de Ouro\u201d.<\/p><p>\u2022 Combate a emerg\u00eancias: a equipe de Brigada de Emerg\u00eancias atende aos principais requisitos estaduais e governamentais e respondem com responsabilidade aos simulados peri\u00f3dicos realizados A empresa ser\u00e1 tamb\u00e9m firme no prop\u00f3sito de exigir dos empregados a pr\u00e1tica correta dos processos de trabalho, para que a seguran\u00e7a seja de fato um bem comum e de responsabilidade de todos. Tamb\u00e9m espera que os empregados participem dos programas de qualidade de vida e sa\u00fade, com a mesma responsabilidade.<\/p>\t\t\t\t\t\t<\/div>\n\t\t\t\t<\/div>\n\t\t\t\t\t<\/div>\n\t\t<\/div>\n\t\t\t\t\t\t\t<\/div>\n\t\t<\/section>\n\t\t\t\t<section class=\"elementor-section elementor-top-section elementor-element elementor-element-31acab2 elementor-section-content-middle elementor-section-boxed elementor-section-height-default elementor-section-height-default\" data-id=\"31acab2\" data-element_type=\"section\" data-settings=\"{&quot;background_background&quot;:&quot;classic&quot;}\">\n\t\t\t\t\t\t<div class=\"elementor-container elementor-column-gap-no\">\n\t\t\t\t\t<div class=\"elementor-column elementor-col-50 elementor-top-column elementor-element elementor-element-7b024c0\" data-id=\"7b024c0\" data-element_type=\"column\">\n\t\t\t<div class=\"elementor-widget-wrap elementor-element-populated\">\n\t\t\t\t\t\t\t\t<div class=\"elementor-element elementor-element-bf873fe elementor-widget elementor-widget-heading\" data-id=\"bf873fe\" data-element_type=\"widget\" data-widget_type=\"heading.default\">\n\t\t\t\t<div class=\"elementor-widget-container\">\n\t\t\t<h2 class=\"elementor-heading-title elementor-size-default\">MUDAN\u00c7AS CLIM\u00c1TICAS<\/h2>\t\t<\/div>\n\t\t\t\t<\/div>\n\t\t\t\t<div class=\"elementor-element elementor-element-26f3a3c elementor-widget-divider--view-line elementor-widget elementor-widget-divider\" data-id=\"26f3a3c\" data-element_type=\"widget\" data-widget_type=\"divider.default\">\n\t\t\t\t<div class=\"elementor-widget-container\">\n\t\t\t\t\t<div class=\"elementor-divider\">\n\t\t\t<span class=\"elementor-divider-separator\">\n\t\t\t\t\t\t<\/span>\n\t\t<\/div>\n\t\t\t\t<\/div>\n\t\t\t\t<\/div>\n\t\t\t\t<div class=\"elementor-element elementor-element-a63c8c7 elementor-widget elementor-widget-text-editor\" data-id=\"a63c8c7\" data-element_type=\"widget\" data-widget_type=\"text-editor.default\">\n\t\t\t\t<div class=\"elementor-widget-container\">\n\t\t\t\t\t\t\t<p>Estado de aten\u00e7\u00e3o para com nossas Futuras Gera\u00e7\u00f5es<\/p><p>A VOL est\u00e1 em sintonia com as quest\u00f5es de mitiga\u00e7\u00e3o das mudan\u00e7as clim\u00e1ticas. Adotamos pr\u00e1ticas de gest\u00e3o e diretrizes do GHG Protocol Brasil que visam controlar as emiss\u00f5es de gases de efeito estufa. Tais pr\u00e1ticas favorecem ao mapeamento das poss\u00edveis a\u00e7\u00f5es de mitiga\u00e7\u00e3o dentre elas alternativas tecnol\u00f3gicas mais limpas.<\/p><p>A Nossa pol\u00edtica de suprimentos est\u00e1 abrangida neste contexto.<\/p><p>Vejam tamb\u00e9m\u00a0<a href=\"http:\/\/www.ghgprotocolbrasil.com.br\/\">http:\/\/www.ghgprotocolbrasil.com.br\/<\/a><\/p>\t\t\t\t\t\t<\/div>\n\t\t\t\t<\/div>\n\t\t\t\t\t<\/div>\n\t\t<\/div>\n\t\t\t\t<div class=\"elementor-column elementor-col-50 elementor-top-column elementor-element elementor-element-03a6bc5\" data-id=\"03a6bc5\" data-element_type=\"column\">\n\t\t\t<div class=\"elementor-widget-wrap elementor-element-populated\">\n\t\t\t\t\t\t\t\t<div class=\"elementor-element elementor-element-02ae585 elementor-widget elementor-widget-image\" data-id=\"02ae585\" data-element_type=\"widget\" data-widget_type=\"image.default\">\n\t\t\t\t<div class=\"elementor-widget-container\">\n\t\t\t\t\t\t\t\t\t\t\t\t\t\t\t<img decoding=\"async\" src=\"https:\/\/vollogistics.com.br\/wp-content\/uploads\/2022\/03\/Banner_17.jpg\" title=\"\" alt=\"\" \/>\t\t\t\t\t\t\t\t\t\t\t\t\t\t\t<\/div>\n\t\t\t\t<\/div>\n\t\t\t\t\t<\/div>\n\t\t<\/div>\n\t\t\t\t\t\t\t<\/div>\n\t\t<\/section>\n\t\t\t\t\t\t<\/div>\n\t\t\t\t\t<\/div>\n\t\t","protected":false},"excerpt":{"rendered":"<p>MEIO AMBIENTE Controlar e Mitigar Aspectos e Impactos A identifica\u00e7\u00e3o dos aspectos e impactos ambientais das opera\u00e7\u00f5es faz parte dos procedimentos da Gest\u00e3o da VOL em qualquer etapa e em toda a cadeia da explora\u00e7\u00e3o do Oil &amp; Gas. A VOL opta por atender com rigorosidade todos os requisitos legais relacionados ao meio ambiente assumindo &hellip;<\/p>\n<p class=\"read-more\"> <a class=\"\" href=\"https:\/\/vollogistics.com.br\/index.php\/sustentabilidade\/\"> <span class=\"screen-reader-text\">Sustentabilidade<\/span> Leia mais &raquo;<\/a><\/p>\n","protected":false},"author":2,"featured_media":0,"parent":0,"menu_order":0,"comment_status":"closed","ping_status":"closed","template":"elementor_header_footer","meta":{"site-sidebar-layout":"no-sidebar","site-content-layout":"page-builder","ast-main-header-display":"","ast-hfb-above-header-display":"","ast-hfb-below-header-display":"","ast-hfb-mobile-header-display":"","site-post-title":"disabled","ast-breadcrumbs-content":"","ast-featured-img":"disabled","footer-sml-layout":"","theme-transparent-header-meta":"","adv-header-id-meta":"","stick-header-meta":"","header-above-stick-meta":"","header-main-stick-meta":"","header-below-stick-meta":"","footnotes":""},"class_list":["post-2079","page","type-page","status-publish","hentry"],"_links":{"self":[{"href":"https:\/\/vollogistics.com.br\/index.php\/wp-json\/wp\/v2\/pages\/2079","targetHints":{"allow":["GET"]}}],"collection":[{"href":"https:\/\/vollogistics.com.br\/index.php\/wp-json\/wp\/v2\/pages"}],"about":[{"href":"https:\/\/vollogistics.com.br\/index.php\/wp-json\/wp\/v2\/types\/page"}],"author":[{"embeddable":true,"href":"https:\/\/vollogistics.com.br\/index.php\/wp-json\/wp\/v2\/users\/2"}],"replies":[{"embeddable":true,"href":"https:\/\/vollogistics.com.br\/index.php\/wp-json\/wp\/v2\/comments?post=2079"}],"version-history":[{"count":4,"href":"https:\/\/vollogistics.com.br\/index.php\/wp-json\/wp\/v2\/pages\/2079\/revisions"}],"predecessor-version":[{"id":2087,"href":"https:\/\/vollogistics.com.br\/index.php\/wp-json\/wp\/v2\/pages\/2079\/revisions\/2087"}],"wp:attachment":[{"href":"https:\/\/vollogistics.com.br\/index.php\/wp-json\/wp\/v2\/media?parent=2079"}],"curies":[{"name":"wp","href":"https:\/\/api.w.org\/{rel}","templated":true}]}}